{"id":1801,"date":"2024-08-16T16:08:13","date_gmt":"2024-08-16T08:08:13","guid":{"rendered":"https:\/\/ruegoglobal.com\/?page_id=1801"},"modified":"2025-01-16T11:02:55","modified_gmt":"2025-01-16T03:02:55","slug":"privacy-policy","status":"publish","type":"page","link":"https:\/\/www.ruegoglobal.com\/pt\/privacy-policy\/","title":{"rendered":"Pol\u00edtica de privacidade"},"content":{"rendered":"<div data-elementor-type=\"wp-page\" data-elementor-id=\"1801\" class=\"elementor elementor-1801\" data-elementor-post-type=\"page\">\n\t\t\t\t<div class=\"elementor-element elementor-element-630eec8d e-flex e-con-boxed e-con e-parent\" data-id=\"630eec8d\" data-element_type=\"container\" data-e-type=\"container\">\n\t\t\t\t\t<div class=\"e-con-inner\">\n\t\t\t\t<div class=\"elementor-element elementor-element-2a0a6f6 elementor-widget elementor-widget-heading\" data-id=\"2a0a6f6\" data-element_type=\"widget\" data-e-type=\"widget\" data-widget_type=\"heading.default\">\n\t\t\t\t\t\t<div class=\"elementor-widget-container\">\n\t\t\t\t\t<h2 class=\"elementor-heading-title elementor-size-default\">Pol\u00edtica de privacidade<\/h2>\t\t\t\t<\/div>\n\t\t\t\t<\/div>\n\t\t\t\t<div class=\"elementor-element elementor-element-6970b805 elementor-widget elementor-widget-text-editor\" data-id=\"6970b805\" data-element_type=\"widget\" data-e-type=\"widget\" data-widget_type=\"text-editor.default\">\n\t\t\t\t\t\t<div class=\"elementor-widget-container\">\n\t\t\t\t\t\t\t\t\t\n<p><strong>Data de vig\u00eancia:<\/strong> 25 de setembro de 2024<\/p>\n\n<p>Bem-vindo ao [<a href=\"https:\/\/www.ruegoglobal.com\/pt\">RUEGO Energy Equipment Co., Ltd<\/a>] (doravante denominado \"o Site\"). Temos o compromisso de proteger sua privacidade e cumprir o Regulamento Geral de Prote\u00e7\u00e3o de Dados (GDPR) e as leis e regulamenta\u00e7\u00f5es relevantes. Leia atentamente a pol\u00edtica de privacidade a seguir para entender como coletamos, usamos e protegemos suas informa\u00e7\u00f5es.<\/p>\n\n<ol class=\"wp-block-list\">\n<li><strong>Coleta de informa\u00e7\u00f5es<\/strong><br \/>Podemos coletar os seguintes tipos de informa\u00e7\u00f5es:<br \/>1.1 <strong>Informa\u00e7\u00f5es de identifica\u00e7\u00e3o pessoal<\/strong><br \/>Ao enviar consultas, registrar uma conta ou entrar em contato conosco por meio do Site, voc\u00ea poder\u00e1 fornecer as seguintes informa\u00e7\u00f5es:\n<ul>\n<li>Nome<\/li>\n<li>Endere\u00e7o de e-mail<\/li>\n<li>Nome da empresa<\/li>\n<li>Posi\u00e7\u00e3o<\/li>\n<li>N\u00famero de telefone<\/li>\n<li>Endere\u00e7o<\/li>\n<li>Outras informa\u00e7\u00f5es pessoais que voc\u00ea fornecer voluntariamente<\/li>\n<\/ul>\n1.2 <strong>Informa\u00e7\u00f5es de identifica\u00e7\u00e3o n\u00e3o pessoais<\/strong><br \/>Podemos coletar automaticamente algumas informa\u00e7\u00f5es n\u00e3o pessoais, incluindo, mas n\u00e3o se limitando a:\n<ul class=\"wp-block-list\">\n<li>Tipo de navegador<\/li>\n\n<li>Sistema operacional<\/li>\n\n<li>Endere\u00e7o IP<\/li>\n\n<li>Data e hora de acesso<\/li>\n\n<li>Hist\u00f3rico de navega\u00e7\u00e3o e p\u00e1ginas visitadas<\/li>\n\n<li>Tipo de dispositivo e informa\u00e7\u00f5es<\/li>\n<\/ul>\n<\/li>\n\n<li><strong>Uso de informa\u00e7\u00f5es<\/strong><br \/>As informa\u00e7\u00f5es que coletamos podem ser usadas para as seguintes finalidades:\n<ul class=\"wp-block-list\">\n<li><strong>Processamento de consultas:<\/strong> Para responder a suas consultas, solicita\u00e7\u00f5es ou outros servi\u00e7os.<\/li>\n\n<li><strong>Suporte ao cliente:<\/strong> Fornecer assist\u00eancia e suporte para resolver seus problemas.<\/li>\n\n<li><strong>Marketing:<\/strong> Para lhe enviar informa\u00e7\u00f5es sobre produtos, promo\u00e7\u00f5es e not\u00edcias que possam lhe interessar.<\/li>\n\n<li><strong>Otimiza\u00e7\u00e3o de sites:<\/strong> Analisar o comportamento do usu\u00e1rio para melhorar a funcionalidade do site e a experi\u00eancia do usu\u00e1rio.<\/li>\n\n<li><strong>Requisitos de conformidade:<\/strong> Cumprir os requisitos legais e regulamentares.<\/li>\n<\/ul>\n<\/li>\n\n<li><strong>Base legal<\/strong><br \/>De acordo com o GDPR, as bases legais para o processamento de suas informa\u00e7\u00f5es pessoais incluem:\n<ul class=\"wp-block-list\">\n<li><strong>Consentimento:<\/strong> Voc\u00ea consentiu explicitamente com o processamento de suas informa\u00e7\u00f5es pessoais.<\/li>\n\n<li><strong>Desempenho do contrato:<\/strong> O processamento de suas informa\u00e7\u00f5es \u00e9 necess\u00e1rio para a execu\u00e7\u00e3o de um contrato com voc\u00ea.<\/li>\n\n<li><strong>Obriga\u00e7\u00e3o legal:<\/strong> Precisamos cumprir com obriga\u00e7\u00f5es legais.<\/li>\n\n<li><strong>Interesses leg\u00edtimos:<\/strong> O processamento de suas informa\u00e7\u00f5es \u00e9 necess\u00e1rio para nossos interesses leg\u00edtimos e n\u00e3o se sobrep\u00f5e aos seus direitos.<\/li>\n<\/ul>\n<\/li>\n\n<li><strong>Prote\u00e7\u00e3o de informa\u00e7\u00f5es<\/strong><br \/>Tomamos medidas de seguran\u00e7a razo\u00e1veis para proteger suas informa\u00e7\u00f5es pessoais contra acesso, uso ou divulga\u00e7\u00e3o n\u00e3o autorizados, inclusive:\n<ul class=\"wp-block-list\">\n<li>Usar tecnologia de criptografia para proteger informa\u00e7\u00f5es confidenciais em tr\u00e2nsito.<\/li>\n\n<li>Limitar o acesso \u00e0s informa\u00e7\u00f5es pessoais somente ao pessoal autorizado.<\/li>\n\n<li>Revisar regularmente nossos procedimentos de seguran\u00e7a para aprimorar a prote\u00e7\u00e3o das informa\u00e7\u00f5es.<\/li>\n<\/ul>\n<\/li>\n\n<li><strong>Compartilhamento e divulga\u00e7\u00e3o de informa\u00e7\u00f5es<\/strong><br \/>N\u00e3o vendemos, trocamos ou alugamos suas informa\u00e7\u00f5es pessoais a terceiros. Podemos compartilhar suas informa\u00e7\u00f5es nas seguintes circunst\u00e2ncias:\n<ul class=\"wp-block-list\">\n<li><strong>Requisitos legais:<\/strong> Quando exigido por lei ou em resposta a processos legais.<\/li>\n\n<li><strong>Prote\u00e7\u00e3o de direitos:<\/strong> Para proteger nossos direitos, privacidade e seguran\u00e7a.<\/li>\n\n<li><strong>Prestadores de servi\u00e7os:<\/strong> Colabora\u00e7\u00e3o com terceiros que prestam servi\u00e7os para nos ajudar a operar o Site e os neg\u00f3cios, desde que esses terceiros estejam em conformidade com nossa pol\u00edtica de privacidade.<\/li>\n<\/ul>\n<\/li>\n\n<li><strong>Transfer\u00eancias internacionais de dados<\/strong><br \/>Se precisarmos transferir suas informa\u00e7\u00f5es pessoais para pa\u00edses fora da UE, garantiremos que medidas apropriadas sejam tomadas para fornecer o mesmo n\u00edvel de prote\u00e7\u00e3o para suas informa\u00e7\u00f5es.<\/li>\n\n<li><strong>Direitos do usu\u00e1rio<\/strong><br \/>De acordo com o GDPR, voc\u00ea tem os seguintes direitos:\n<ul class=\"wp-block-list\">\n<li><strong>Direito de acesso:<\/strong> Solicitar acesso \u00e0s suas informa\u00e7\u00f5es pessoais que processamos.<\/li>\n\n<li><strong>Direito de retifica\u00e7\u00e3o:<\/strong> Solicitar a corre\u00e7\u00e3o de informa\u00e7\u00f5es imprecisas ou incompletas.<\/li>\n\n<li><strong>Direito \u00e0 exclus\u00e3o:<\/strong> Solicitar a exclus\u00e3o de suas informa\u00e7\u00f5es pessoais (quando permitido por lei).<\/li>\n\n<li><strong>Direito de restringir o processamento:<\/strong> Solicitar a restri\u00e7\u00e3o do nosso processamento de suas informa\u00e7\u00f5es pessoais.<\/li>\n\n<li><strong>Direito \u00e0 portabilidade de dados:<\/strong> Solicitar a transfer\u00eancia de suas informa\u00e7\u00f5es pessoais para outro controlador de dados.<\/li>\n\n<li><strong>Direito de obje\u00e7\u00e3o:<\/strong> Opor-se, a qualquer momento, ao nosso processamento de suas informa\u00e7\u00f5es pessoais com base em interesses leg\u00edtimos.<\/li>\n\n<li><strong>Direito de retirar o consentimento:<\/strong> Se processarmos suas informa\u00e7\u00f5es com base no consentimento, voc\u00ea tem o direito de retirar esse consentimento.<\/li>\n<\/ul>\n<\/li>\n<\/ol>\n\n<p>Para exercer qualquer um dos direitos acima, entre em contato conosco usando as informa\u00e7\u00f5es abaixo.<\/p>\n\n<ol class=\"wp-block-list\" start=\"8\">\n<li><strong>Altera\u00e7\u00f5es na Pol\u00edtica de Privacidade<\/strong><br \/>Podemos atualizar esta pol\u00edtica de privacidade de tempos em tempos. Publicaremos a pol\u00edtica revisada no site e atualizaremos a data de vig\u00eancia. Consulte esta pol\u00edtica regularmente para obter as informa\u00e7\u00f5es mais recentes sobre nossas pr\u00e1ticas de privacidade.<\/li>\n\n<li><strong>Entre em contato conosco<\/strong><br \/>Se tiver alguma d\u00favida ou preocupa\u00e7\u00e3o sobre esta pol\u00edtica de privacidade ou se quiser exercer seus direitos, entre em contato conosco:\n<ul class=\"wp-block-list\">\n<li>E-mail: <a>admin@ruegoglobal.com<\/a><\/li>\n\n<li>Telefone: +0086 135 1668 0285<\/li>\n\n<li>Endere\u00e7o: No. 77, Dapan Road, Dalingshan Town, Cidade de Dongguan, Prov\u00edncia de Guangdong, China<\/li>\n<\/ul>\n<\/li>\n<\/ol>\n\n<p>Obrigado por visitar nosso site. Estamos ansiosos para lhe oferecer servi\u00e7os de qualidade.<\/p>\n\t\t\t\t\t\t\t\t<\/div>\n\t\t\t\t<\/div>\n\t\t\t\t\t<\/div>\n\t\t\t\t<\/div>\n\t\t\t\t<\/div>","protected":false},"excerpt":{"rendered":"<p>Privacy Policy Effective Date: September 25, 2024 Welcome to [RUEGO Energy Equipment Co., Ltd.] (hereinafter referred to as &#8220;the Website&#8221;). We are committed to protecting [&hellip;]<\/p>","protected":false},"author":1,"featured_media":0,"parent":0,"menu_order":0,"comment_status":"closed","ping_status":"closed","template":"","meta":{"_acf_changed":false,"site-sidebar-layout":"default","site-content-layout":"","ast-site-content-layout":"default","site-content-style":"default","site-sidebar-style":"default","ast-global-header-display":"","ast-banner-title-visibility":"","ast-main-header-display":"","ast-hfb-above-header-display":"","ast-hfb-below-header-display":"","ast-hfb-mobile-header-display":"","site-post-title":"","ast-breadcrumbs-content":"","ast-featured-img":"","footer-sml-layout":"","theme-transparent-header-meta":"","adv-header-id-meta":"","stick-header-meta":"","header-above-stick-meta":"","header-main-stick-meta":"","header-below-stick-meta":"","astra-migrate-meta-layouts":"set","ast-page-background-enabled":"default","ast-page-background-meta":{"desktop":{"background-color":"var(--ast-global-color-4)","background-image":"","background-repeat":"repeat","background-position":"center center","background-size":"auto","background-attachment":"scroll","background-type":"","background-media":"","overlay-type":"","overlay-color":"","overlay-opacity":"","overlay-gradient":""},"tablet":{"background-color":"","background-image":"","background-repeat":"repeat","background-position":"center center","background-size":"auto","background-attachment":"scroll","background-type":"","background-media":"","overlay-type":"","overlay-color":"","overlay-opacity":"","overlay-gradient":""},"mobile":{"background-color":"","background-image":"","background-repeat":"repeat","background-position":"center center","background-size":"auto","background-attachment":"scroll","background-type":"","background-media":"","overlay-type":"","overlay-color":"","overlay-opacity":"","overlay-gradient":""}},"ast-content-background-meta":{"desktop":{"background-color":"var(--ast-global-color-5)","background-image":"","background-repeat":"repeat","background-position":"center center","background-size":"auto","background-attachment":"scroll","background-type":"","background-media":"","overlay-type":"","overlay-color":"","overlay-opacity":"","overlay-gradient":""},"tablet":{"background-color":"var(--ast-global-color-5)","background-image":"","background-repeat":"repeat","background-position":"center center","background-size":"auto","background-attachment":"scroll","background-type":"","background-media":"","overlay-type":"","overlay-color":"","overlay-opacity":"","overlay-gradient":""},"mobile":{"background-color":"var(--ast-global-color-5)","background-image":"","background-repeat":"repeat","background-position":"center center","background-size":"auto","background-attachment":"scroll","background-type":"","background-media":"","overlay-type":"","overlay-color":"","overlay-opacity":"","overlay-gradient":""}},"footnotes":""},"class_list":["post-1801","page","type-page","status-publish","hentry"],"acf":[],"_links":{"self":[{"href":"https:\/\/www.ruegoglobal.com\/pt\/wp-json\/wp\/v2\/pages\/1801","targetHints":{"allow":["GET"]}}],"collection":[{"href":"https:\/\/www.ruegoglobal.com\/pt\/wp-json\/wp\/v2\/pages"}],"about":[{"href":"https:\/\/www.ruegoglobal.com\/pt\/wp-json\/wp\/v2\/types\/page"}],"author":[{"embeddable":true,"href":"https:\/\/www.ruegoglobal.com\/pt\/wp-json\/wp\/v2\/users\/1"}],"replies":[{"embeddable":true,"href":"https:\/\/www.ruegoglobal.com\/pt\/wp-json\/wp\/v2\/comments?post=1801"}],"version-history":[{"count":0,"href":"https:\/\/www.ruegoglobal.com\/pt\/wp-json\/wp\/v2\/pages\/1801\/revisions"}],"wp:attachment":[{"href":"https:\/\/www.ruegoglobal.com\/pt\/wp-json\/wp\/v2\/media?parent=1801"}],"curies":[{"name":"wp","href":"https:\/\/api.w.org\/{rel}","templated":true}]}}